{"id":162,"date":"2019-12-04T21:45:55","date_gmt":"2019-12-04T21:45:55","guid":{"rendered":"https:\/\/cardriverentcar.com\/alquiler-de-vehiculos-guayaquil\/?page_id=162"},"modified":"2019-12-15T16:46:09","modified_gmt":"2019-12-15T16:46:09","slug":"kia-rio","status":"publish","type":"page","link":"https:\/\/cardriverentcar.com\/alquiler-de-vehiculos-guayaquil\/kia-rio\/","title":{"rendered":"Kia Rio"},"content":{"rendered":"\t\t<div data-elementor-type=\"wp-page\" data-elementor-id=\"162\" class=\"elementor elementor-162\" data-elementor-settings=\"[]\">\n\t\t\t<div class=\"elementor-inner\">\n\t\t\t\t<div class=\"elementor-section-wrap\">\n\t\t\t\t\t\t\t<section class=\"elementor-element elementor-element-7a68a5b elementor-section-boxed elementor-section-height-default elementor-section-height-default elementor-section elementor-top-section\" data-id=\"7a68a5b\" data-element_type=\"section\">\n\t\t\t\t\t\t<div class=\"elementor-container elementor-column-gap-default\">\n\t\t\t\t<div class=\"elementor-row\">\n\t\t\t\t<div class=\"elementor-element elementor-element-863be24 elementor-column elementor-col-50 elementor-top-column\" data-id=\"863be24\" data-element_type=\"column\">\n\t\t\t<div class=\"elementor-column-wrap  elementor-element-populated\">\n\t\t\t\t\t<div class=\"elementor-widget-wrap\">\n\t\t\t\t<div class=\"elementor-element elementor-element-a7eff1f elementor-widget elementor-widget-text-editor\" data-id=\"a7eff1f\" data-element_type=\"widget\" data-widget_type=\"text-editor.default\">\n\t\t\t\t<div class=\"elementor-widget-container\">\n\t\t\t\t\t<div class=\"elementor-text-editor elementor-clearfix\"><p>La elegante puerta\u00a0<em>Kia<\/em> Rio combina dise\u00f1o llamativo y caracter\u00edsticas avanzadas para dar una unidad llena de diversi\u00f3n.\u00a0<\/p><p>Auto a Gasolina<\/p><p>Cardrive Rent a Car\u00a0incluye:<\/p><div><div><ul><li>Seguro B\u00e1sico<\/li><li>Kilometraje Libre a partir del 3er d\u00eda<\/li><li>Asiento para beb\u00e9 <strong>costo adicional de $5<\/strong><\/li><li>GPS <strong>costo adicional de $5<\/strong><\/li><li>Recepci\u00f3n en el Aeropuerto\u00a0<strong>gratuito<\/strong><\/li><li>Entrega y recepci\u00f3n las\u00a024 HORAS<\/li><li>Entregamos el veh\u00edculo donde usted lo necesite (dentro de Guayaquil) <strong>costo adicional de $5.<\/strong>\u00a0<\/li><\/ul><\/div><\/div><\/div>\n\t\t\t\t<\/div>\n\t\t\t\t<\/div>\n\t\t\t\t\t\t<\/div>\n\t\t\t<\/div>\n\t\t<\/div>\n\t\t\t\t<div class=\"elementor-element elementor-element-21294f2 elementor-column elementor-col-50 elementor-top-column\" data-id=\"21294f2\" data-element_type=\"column\">\n\t\t\t<div class=\"elementor-column-wrap  elementor-element-populated\">\n\t\t\t\t\t<div class=\"elementor-widget-wrap\">\n\t\t\t\t<div class=\"elementor-element elementor-element-6b84436 elementor-widget elementor-widget-image\" data-id=\"6b84436\" data-element_type=\"widget\" data-widget_type=\"image.default\">\n\t\t\t\t<div class=\"elementor-widget-container\">\n\t\t\t\t\t<div class=\"elementor-image\">\n\t\t\t\t\t\t\t\t\t\t<img loading=\"lazy\" decoding=\"async\" width=\"688\" height=\"405\" src=\"https:\/\/cardriverentcar.com\/alquiler-de-vehiculos-guayaquil\/wp-content\/uploads\/2019\/12\/kia-rio-automatico-alquiler-de-vehiculos-automaticos-e1575434707968.jpg\" class=\"attachment-large size-large\" alt=\"\" srcset=\"https:\/\/cardriverentcar.com\/alquiler-de-vehiculos-guayaquil\/wp-content\/uploads\/2019\/12\/kia-rio-automatico-alquiler-de-vehiculos-automaticos-e1575434707968.jpg 692w, https:\/\/cardriverentcar.com\/alquiler-de-vehiculos-guayaquil\/wp-content\/uploads\/2019\/12\/kia-rio-automatico-alquiler-de-vehiculos-automaticos-e1575434707968-300x176.jpg 300w\" sizes=\"(max-width: 688px) 100vw, 688px\" \/>\t\t\t\t\t\t\t\t\t\t\t<\/div>\n\t\t\t\t<\/div>\n\t\t\t\t<\/div>\n\t\t\t\t\t\t<\/div>\n\t\t\t<\/div>\n\t\t<\/div>\n\t\t\t\t\t\t<\/div>\n\t\t\t<\/div>\n\t\t<\/section>\n\t\t\t\t<section class=\"elementor-element elementor-element-8f6fa7a elementor-section-boxed elementor-section-height-default elementor-section-height-default elementor-section elementor-top-section\" data-id=\"8f6fa7a\" data-element_type=\"section\">\n\t\t\t\t\t\t<div class=\"elementor-container elementor-column-gap-default\">\n\t\t\t\t<div class=\"elementor-row\">\n\t\t\t\t<div class=\"elementor-element elementor-element-3e3f094 elementor-column elementor-col-50 elementor-top-column\" data-id=\"3e3f094\" data-element_type=\"column\">\n\t\t\t<div class=\"elementor-column-wrap  elementor-element-populated\">\n\t\t\t\t\t<div class=\"elementor-widget-wrap\">\n\t\t\t\t<div class=\"elementor-element elementor-element-88632cc elementor-widget elementor-widget-heading\" data-id=\"88632cc\" data-element_type=\"widget\" data-widget_type=\"heading.default\">\n\t\t\t\t<div class=\"elementor-widget-container\">\n\t\t\t<h2 class=\"elementor-heading-title elementor-size-default\">Equipamiento del Veh\u00edculo<\/h2>\t\t<\/div>\n\t\t\t\t<\/div>\n\t\t\t\t<div class=\"elementor-element elementor-element-1874622 elementor-widget elementor-widget-text-editor\" data-id=\"1874622\" data-element_type=\"widget\" data-widget_type=\"text-editor.default\">\n\t\t\t\t<div class=\"elementor-widget-container\">\n\t\t\t\t\t<div class=\"elementor-text-editor elementor-clearfix\"><p>Aire acondicionado<\/p><div data-id=\"9432a35\" data-element_type=\"text-editor.default\"><div><div><img decoding=\"async\" src=\"https:\/\/www.carmaxrentacar.com\/guayaquil\/wp-content\/uploads\/2018\/03\/transmision-manual.png\" width=\"19px\" \/>\u00a0Transmisi\u00f3n Manual<\/div><\/div><\/div><div data-id=\"1c24b40e\" data-element_type=\"text-editor.default\"><div><div><img decoding=\"async\" title=\"Puertas Incluidas en veh\u00edculos\" src=\"https:\/\/www.carmaxrentacar.com\/guayaquil\/wp-content\/uploads\/2018\/03\/door-cantidadd-puertas.svg\" alt=\"Icono Puertas de Auto\" width=\"19px\" \/>\u00a05 Puertas<\/div><\/div><\/div><div data-id=\"2b73539\" data-element_type=\"text-editor.default\"><div><div>\u00a0Veh\u00edculo\u00a0FULL\u00a0Equipo<\/div><\/div><\/div><\/div>\n\t\t\t\t<\/div>\n\t\t\t\t<\/div>\n\t\t\t\t\t\t<\/div>\n\t\t\t<\/div>\n\t\t<\/div>\n\t\t\t\t<div class=\"elementor-element elementor-element-650f71f elementor-column elementor-col-50 elementor-top-column\" data-id=\"650f71f\" data-element_type=\"column\">\n\t\t\t<div class=\"elementor-column-wrap  elementor-element-populated\">\n\t\t\t\t\t<div class=\"elementor-widget-wrap\">\n\t\t\t\t<div class=\"elementor-element elementor-element-3d24227 elementor-widget elementor-widget-heading\" data-id=\"3d24227\" data-element_type=\"widget\" data-widget_type=\"heading.default\">\n\t\t\t\t<div class=\"elementor-widget-container\">\n\t\t\t<h2 class=\"elementor-heading-title elementor-size-default\">Capacidad<\/h2>\t\t<\/div>\n\t\t\t\t<\/div>\n\t\t\t\t<div class=\"elementor-element elementor-element-9551324 elementor-widget elementor-widget-text-editor\" data-id=\"9551324\" data-element_type=\"widget\" data-widget_type=\"text-editor.default\">\n\t\t\t\t<div class=\"elementor-widget-container\">\n\t\t\t\t\t<div class=\"elementor-text-editor elementor-clearfix\"><div data-id=\"7786fab3\" data-element_type=\"text-editor.default\"><div><div><p>5 Personas<\/p><\/div><\/div><\/div><div data-id=\"34709865\" data-element_type=\"text-editor.default\"><div><div><p>\u00a01 maleta grande<\/p><\/div><\/div><\/div><div data-id=\"9c4fb9f\" data-element_type=\"text-editor.default\"><div><div><p>\u00a02 Equipajes de mano<\/p><\/div><\/div><\/div><\/div>\n\t\t\t\t<\/div>\n\t\t\t\t<\/div>\n\t\t\t\t\t\t<\/div>\n\t\t\t<\/div>\n\t\t<\/div>\n\t\t\t\t\t\t<\/div>\n\t\t\t<\/div>\n\t\t<\/section>\n\t\t\t\t<section class=\"elementor-element elementor-element-6adf283 elementor-section-boxed elementor-section-height-default elementor-section-height-default elementor-section elementor-top-section\" data-id=\"6adf283\" data-element_type=\"section\">\n\t\t\t\t\t\t<div class=\"elementor-container elementor-column-gap-default\">\n\t\t\t\t<div class=\"elementor-row\">\n\t\t\t\t<div class=\"elementor-element elementor-element-9fe4c4d elementor-column elementor-col-100 elementor-top-column\" data-id=\"9fe4c4d\" data-element_type=\"column\">\n\t\t\t<div class=\"elementor-column-wrap  elementor-element-populated\">\n\t\t\t\t\t<div class=\"elementor-widget-wrap\">\n\t\t\t\t<div class=\"elementor-element elementor-element-e128a22 elementor-widget elementor-widget-google_maps\" data-id=\"e128a22\" data-element_type=\"widget\" data-widget_type=\"google_maps.default\">\n\t\t\t\t<div class=\"elementor-widget-container\">\n\t\t\t<div class=\"elementor-custom-embed\"><iframe frameborder=\"0\" scrolling=\"no\" marginheight=\"0\" marginwidth=\"0\" src=\"https:\/\/maps.google.com\/maps?q=car%20drive&amp;t=m&amp;z=17&amp;output=embed&amp;iwloc=near\" aria-label=\"car drive\"><\/iframe><\/div>\t\t<\/div>\n\t\t\t\t<\/div>\n\t\t\t\t\t\t<\/div>\n\t\t\t<\/div>\n\t\t<\/div>\n\t\t\t\t\t\t<\/div>\n\t\t\t<\/div>\n\t\t<\/section>\n\t\t\t\t<section class=\"elementor-element elementor-element-b0ad041 elementor-section-boxed elementor-section-height-default elementor-section-height-default elementor-section elementor-top-section\" data-id=\"b0ad041\" data-element_type=\"section\">\n\t\t\t\t\t\t<div class=\"elementor-container elementor-column-gap-default\">\n\t\t\t\t<div class=\"elementor-row\">\n\t\t\t\t<div class=\"elementor-element elementor-element-abcd524 elementor-column elementor-col-50 elementor-top-column\" data-id=\"abcd524\" data-element_type=\"column\">\n\t\t\t<div class=\"elementor-column-wrap  elementor-element-populated\">\n\t\t\t\t\t<div class=\"elementor-widget-wrap\">\n\t\t\t\t<div class=\"elementor-element elementor-element-27d7330 elementor-widget elementor-widget-button\" data-id=\"27d7330\" data-element_type=\"widget\" data-widget_type=\"button.default\">\n\t\t\t\t<div class=\"elementor-widget-container\">\n\t\t\t\t\t<div class=\"elementor-button-wrapper\">\n\t\t\t<a href=\"https:\/\/cardriverentcar.com\/\" class=\"elementor-button-link elementor-button elementor-size-sm\" role=\"button\">\n\t\t\t\t\t\t<span class=\"elementor-button-content-wrapper\">\n\t\t\t\t\t\t<span class=\"elementor-button-text\">Reservar<\/span>\n\t\t<\/span>\n\t\t\t\t\t<\/a>\n\t\t<\/div>\n\t\t\t\t<\/div>\n\t\t\t\t<\/div>\n\t\t\t\t\t\t<\/div>\n\t\t\t<\/div>\n\t\t<\/div>\n\t\t\t\t<div class=\"elementor-element elementor-element-13ad9ab elementor-column elementor-col-50 elementor-top-column\" data-id=\"13ad9ab\" data-element_type=\"column\">\n\t\t\t<div class=\"elementor-column-wrap  elementor-element-populated\">\n\t\t\t\t\t<div class=\"elementor-widget-wrap\">\n\t\t\t\t<div class=\"elementor-element elementor-element-06ecdd2 elementor-widget elementor-widget-heading\" data-id=\"06ecdd2\" data-element_type=\"widget\" data-widget_type=\"heading.default\">\n\t\t\t\t<div class=\"elementor-widget-container\">\n\t\t\t<h3 class=\"elementor-heading-title elementor-size-default\">Alquiler de Veh\u00edculos Clase Intermedia<\/h3>\t\t<\/div>\n\t\t\t\t<\/div>\n\t\t\t\t\t\t<\/div>\n\t\t\t<\/div>\n\t\t<\/div>\n\t\t\t\t\t\t<\/div>\n\t\t\t<\/div>\n\t\t<\/section>\n\t\t\t\t\t\t<\/div>\n\t\t\t<\/div>\n\t\t<\/div>\n\t\t","protected":false},"excerpt":{"rendered":"<p>La elegante puerta\u00a0Kia Rio combina dise\u00f1o llamativo y caracter\u00edsticas avanzadas para dar una unidad llena de diversi\u00f3n.\u00a0 Auto a Gasolina&hellip;<\/p>\n","protected":false},"author":1,"featured_media":0,"parent":0,"menu_order":0,"comment_status":"closed","ping_status":"closed","template":"","meta":{"footnotes":""},"_links":{"self":[{"href":"https:\/\/cardriverentcar.com\/alquiler-de-vehiculos-guayaquil\/wp-json\/wp\/v2\/pages\/162"}],"collection":[{"href":"https:\/\/cardriverentcar.com\/alquiler-de-vehiculos-guayaquil\/wp-json\/wp\/v2\/pages"}],"about":[{"href":"https:\/\/cardriverentcar.com\/alquiler-de-vehiculos-guayaquil\/wp-json\/wp\/v2\/types\/page"}],"author":[{"embeddable":true,"href":"https:\/\/cardriverentcar.com\/alquiler-de-vehiculos-guayaquil\/wp-json\/wp\/v2\/users\/1"}],"replies":[{"embeddable":true,"href":"https:\/\/cardriverentcar.com\/alquiler-de-vehiculos-guayaquil\/wp-json\/wp\/v2\/comments?post=162"}],"version-history":[{"count":3,"href":"https:\/\/cardriverentcar.com\/alquiler-de-vehiculos-guayaquil\/wp-json\/wp\/v2\/pages\/162\/revisions"}],"predecessor-version":[{"id":238,"href":"https:\/\/cardriverentcar.com\/alquiler-de-vehiculos-guayaquil\/wp-json\/wp\/v2\/pages\/162\/revisions\/238"}],"wp:attachment":[{"href":"https:\/\/cardriverentcar.com\/alquiler-de-vehiculos-guayaquil\/wp-json\/wp\/v2\/media?parent=162"}],"curies":[{"name":"wp","href":"https:\/\/api.w.org\/{rel}","templated":true}]}}